{"id":80,"date":"2015-01-28T21:12:43","date_gmt":"2015-01-28T19:12:43","guid":{"rendered":"http:\/\/www.xn--brgerbus-weyhe-gsb.de\/wordpress\/?page_id=80"},"modified":"2020-03-04T14:41:46","modified_gmt":"2020-03-04T13:41:46","slug":"buergerbus-im-video-erklaert","status":"publish","type":"page","link":"https:\/\/www.buergerbus-weyhe.de\/?page_id=80","title":{"rendered":"B\u00fcrgerBus im Video erkl\u00e4rt"},"content":{"rendered":"<p>Das Prinzip B\u00fcrgerbus wurde vom Zweckverband Bremen\/Niedersachsen in einem 15-min\u00fctigem Video allgemein erkl\u00e4rt. Als Beispiel hat der B\u00fcrgerBus Weyhe e.V. gedient.<!--more--><\/p>\n<p><iframe loading=\"lazy\" src=\"\/\/player.vimeo.com\/video\/13014261?autoplay=1&amp;loop=1&amp;portrait=0\" width=\"800\" height=\"450\" frameborder=\"0\" allowfullscreen=\"allowfullscreen\"><\/iframe><\/p>\n<p><a href=\"http:\/\/vimeo.com\/13014261\">B\u00fcrgerBus<\/a> from <a href=\"http:\/\/vimeo.com\/user3599170\">ZVBN Bremen\/Niedersachsen<\/a> on <a href=\"https:\/\/vimeo.com\">Vimeo<\/a>.<\/p>\n<p><strong>Seit M\u00e4rz 2020<\/strong> gibt es eine neue Version eines B\u00fcrgerBus-Videos &#8211; <a href=\"https:\/\/www.youtube.com\/watch?v=AjnGVxlkHjE\">hier geht es zum Video<\/a><\/p>\n","protected":false},"excerpt":{"rendered":"<p>Das Prinzip B\u00fcrgerbus wurde vom Zweckverband Bremen\/Niedersachsen in einem 15-min\u00fctigem Video allgemein erkl\u00e4rt. Als Beispiel hat der B\u00fcrgerBus Weyhe e.V. gedient.<\/p>\n","protected":false},"author":14,"featured_media":82,"parent":0,"menu_order":0,"comment_status":"closed","ping_status":"open","template":"","meta":{"footnotes":""},"class_list":["post-80","page","type-page","status-publish","has-post-thumbnail","hentry"],"_links":{"self":[{"href":"https:\/\/www.buergerbus-weyhe.de\/index.php?rest_route=\/wp\/v2\/pages\/80","targetHints":{"allow":["GET"]}}],"collection":[{"href":"https:\/\/www.buergerbus-weyhe.de\/index.php?rest_route=\/wp\/v2\/pages"}],"about":[{"href":"https:\/\/www.buergerbus-weyhe.de\/index.php?rest_route=\/wp\/v2\/types\/page"}],"author":[{"embeddable":true,"href":"https:\/\/www.buergerbus-weyhe.de\/index.php?rest_route=\/wp\/v2\/users\/14"}],"replies":[{"embeddable":true,"href":"https:\/\/www.buergerbus-weyhe.de\/index.php?rest_route=%2Fwp%2Fv2%2Fcomments&post=80"}],"version-history":[{"count":5,"href":"https:\/\/www.buergerbus-weyhe.de\/index.php?rest_route=\/wp\/v2\/pages\/80\/revisions"}],"predecessor-version":[{"id":2259,"href":"https:\/\/www.buergerbus-weyhe.de\/index.php?rest_route=\/wp\/v2\/pages\/80\/revisions\/2259"}],"wp:featuredmedia":[{"embeddable":true,"href":"https:\/\/www.buergerbus-weyhe.de\/index.php?rest_route=\/wp\/v2\/media\/82"}],"wp:attachment":[{"href":"https:\/\/www.buergerbus-weyhe.de\/index.php?rest_route=%2Fwp%2Fv2%2Fmedia&parent=80"}],"curies":[{"name":"wp","href":"https:\/\/api.w.org\/{rel}","templated":true}]}}