{"id":4,"date":"2015-01-25T13:28:28","date_gmt":"2015-01-25T11:28:28","guid":{"rendered":"http:\/\/www.xn--brgerbus-weyhe-gsb.de\/wordpress\/?page_id=4"},"modified":"2026-02-11T11:26:34","modified_gmt":"2026-02-11T10:26:34","slug":"fahrplaene","status":"publish","type":"page","link":"https:\/\/www.buergerbus-weyhe.de\/?page_id=4","title":{"rendered":"Fahrpl\u00e4ne"},"content":{"rendered":"<p><strong>Fahrpl\u00e4ne der Linien 116 und 117:<\/strong><\/p>\n<p><a href=\"https:\/\/www.buergerbus-weyhe.de\/wp-content\/uploads\/2026\/01\/116-Fahrplan-ab-15.12.24.pdf\">Fahrplan Linie 116<\/a><\/p>\n<p>Die Haltestellen Waldkater, Schumacher und Fuhrenkamp werden w\u00e4hrend der Bauarbeiten an der B6 bis voraussichtlich Mai 2026 nicht angefahren.<\/p>\n<p><a href=\"https:\/\/www.buergerbus-weyhe.de\/wp-content\/uploads\/2026\/01\/117-Fahrplan-ab-15.12.24.pdf\">Fahrplan Linie 117<\/a><\/p>\n<p><strong>Das Netz der Linien 116 und 117 in der \u00dcbersicht:<\/strong><\/p>\n<p><a href=\"https:\/\/www.buergerbus-weyhe.de\/wp-content\/uploads\/2021\/09\/Scannen-Liniennetz-116-und-117.jpg\"><img loading=\"lazy\" decoding=\"async\" class=\"alignnone wp-image-2641 size-large\" src=\"https:\/\/www.buergerbus-weyhe.de\/wp-content\/uploads\/2021\/09\/Scannen-Liniennetz-116-und-117-1024x767.jpg\" alt=\"\" width=\"750\" height=\"562\" srcset=\"https:\/\/www.buergerbus-weyhe.de\/wp-content\/uploads\/2021\/09\/Scannen-Liniennetz-116-und-117-1024x767.jpg 1024w, https:\/\/www.buergerbus-weyhe.de\/wp-content\/uploads\/2021\/09\/Scannen-Liniennetz-116-und-117-300x225.jpg 300w, https:\/\/www.buergerbus-weyhe.de\/wp-content\/uploads\/2021\/09\/Scannen-Liniennetz-116-und-117-768x576.jpg 768w, https:\/\/www.buergerbus-weyhe.de\/wp-content\/uploads\/2021\/09\/Scannen-Liniennetz-116-und-117-1536x1151.jpg 1536w, https:\/\/www.buergerbus-weyhe.de\/wp-content\/uploads\/2021\/09\/Scannen-Liniennetz-116-und-117.jpg 1580w\" sizes=\"auto, (max-width: 750px) 100vw, 750px\" \/><\/a><\/p>\n<p>Hinweise:<\/p>\n<ul>\n<li>117: In Richtung Erichshof wird ab Haltestelle Landwehr nur in eine Richtung gefahren, und zwar bis zur Haltestelle Alte Wache.<\/li>\n<li>Auf den anderen Strecken der Linien 116 und 117\u00a0 gibt es eine Hin- und eine R\u00fcckrichtung.<\/li>\n<li><!--more-->Umsteigem\u00f6glichkeiten zwischen beiden Bussen sind die Haltestellen Theater, Alte Wache (derzeit verlegt in die Hildegard-von-Bingen-Stra\u00dfe), Am Schmalen Bruch und Dunantstra\u00dfe. M\u00f6chten Sie an der Haltestelle Theater umsteigen informieren Sie beim Einstieg bitte sofort den Fahrer, damit dieser sich mit der anderen Linie absprechen kann.<\/li>\n<li>Keine Fahrten an Heiligabend und Silvester<\/li>\n<li><a href=\"https:\/\/www.buergerbus-weyhe.de\/wp-content\/uploads\/2026\/02\/Befoerderung-von-Kindern.pdf\">Bef\u00f6rderung von Kindern<\/a><br \/>\nF\u00fcr die Bef\u00f6rderung von Kindern in B\u00fcrgerBussen gelten besondere Bestimmungen, die \u00fcber den roten link nachgelesen werden k\u00f6nnen<\/li>\n<\/ul>\n<p><strong>Kleinbus:<\/strong><\/p>\n<p>Wir fahren mit zwei verschiedenen Kleinbussen und k\u00f6nnen maximal acht Fahrg\u00e4ste mitnehmen, aber es besteht in beiden\u00a0 Bussen auch die Mitnahmem\u00f6glichkeit f\u00fcr einen Rollstuhlfahrer sowie f\u00fcr einen Kinderwagen (die Mitnahme von zwei Rollstuhlfahrern oder zwei Kinderwagen ist aus Platzgr\u00fcnden nicht m\u00f6glich)<\/p>\n<p><img loading=\"lazy\" decoding=\"async\" class=\"alignnone size-medium wp-image-4413\" src=\"https:\/\/www.buergerbus-weyhe.de\/wp-content\/uploads\/2025\/05\/Innenansicht-300x169.jpg\" alt=\"\" width=\"300\" height=\"169\" srcset=\"https:\/\/www.buergerbus-weyhe.de\/wp-content\/uploads\/2025\/05\/Innenansicht-300x169.jpg 300w, https:\/\/www.buergerbus-weyhe.de\/wp-content\/uploads\/2025\/05\/Innenansicht-1024x577.jpg 1024w, https:\/\/www.buergerbus-weyhe.de\/wp-content\/uploads\/2025\/05\/Innenansicht-150x84.jpg 150w, https:\/\/www.buergerbus-weyhe.de\/wp-content\/uploads\/2025\/05\/Innenansicht-768x432.jpg 768w, https:\/\/www.buergerbus-weyhe.de\/wp-content\/uploads\/2025\/05\/Innenansicht-1536x865.jpg 1536w, https:\/\/www.buergerbus-weyhe.de\/wp-content\/uploads\/2025\/05\/Innenansicht.jpg 2000w\" sizes=\"auto, (max-width: 300px) 100vw, 300px\" \/> <img loading=\"lazy\" decoding=\"async\" class=\"alignnone size-medium wp-image-4419\" src=\"https:\/\/www.buergerbus-weyhe.de\/wp-content\/uploads\/2025\/05\/20230628_151740-189x300.jpg\" alt=\"\" width=\"189\" height=\"300\" srcset=\"https:\/\/www.buergerbus-weyhe.de\/wp-content\/uploads\/2025\/05\/20230628_151740-189x300.jpg 189w, https:\/\/www.buergerbus-weyhe.de\/wp-content\/uploads\/2025\/05\/20230628_151740-644x1024.jpg 644w, https:\/\/www.buergerbus-weyhe.de\/wp-content\/uploads\/2025\/05\/20230628_151740-94x150.jpg 94w, https:\/\/www.buergerbus-weyhe.de\/wp-content\/uploads\/2025\/05\/20230628_151740-768x1222.jpg 768w, https:\/\/www.buergerbus-weyhe.de\/wp-content\/uploads\/2025\/05\/20230628_151740-965x1536.jpg 965w, https:\/\/www.buergerbus-weyhe.de\/wp-content\/uploads\/2025\/05\/20230628_151740-1287x2048.jpg 1287w, https:\/\/www.buergerbus-weyhe.de\/wp-content\/uploads\/2025\/05\/20230628_151740-scaled.jpg 1609w\" sizes=\"auto, (max-width: 189px) 100vw, 189px\" \/><\/p>\n","protected":false},"excerpt":{"rendered":"<p>Fahrpl\u00e4ne der Linien 116 und 117: Fahrplan Linie 116 Die Haltestellen Waldkater, Schumacher und Fuhrenkamp werden w\u00e4hrend der Bauarbeiten an der B6 bis voraussichtlich Mai 2026 nicht angefahren. Fahrplan Linie 117 Das Netz der Linien 116 und 117 in der<\/p>\n","protected":false},"author":14,"featured_media":2641,"parent":0,"menu_order":0,"comment_status":"closed","ping_status":"open","template":"","meta":{"footnotes":""},"class_list":["post-4","page","type-page","status-publish","has-post-thumbnail","hentry"],"_links":{"self":[{"href":"https:\/\/www.buergerbus-weyhe.de\/index.php?rest_route=\/wp\/v2\/pages\/4","targetHints":{"allow":["GET"]}}],"collection":[{"href":"https:\/\/www.buergerbus-weyhe.de\/index.php?rest_route=\/wp\/v2\/pages"}],"about":[{"href":"https:\/\/www.buergerbus-weyhe.de\/index.php?rest_route=\/wp\/v2\/types\/page"}],"author":[{"embeddable":true,"href":"https:\/\/www.buergerbus-weyhe.de\/index.php?rest_route=\/wp\/v2\/users\/14"}],"replies":[{"embeddable":true,"href":"https:\/\/www.buergerbus-weyhe.de\/index.php?rest_route=%2Fwp%2Fv2%2Fcomments&post=4"}],"version-history":[{"count":59,"href":"https:\/\/www.buergerbus-weyhe.de\/index.php?rest_route=\/wp\/v2\/pages\/4\/revisions"}],"predecessor-version":[{"id":4725,"href":"https:\/\/www.buergerbus-weyhe.de\/index.php?rest_route=\/wp\/v2\/pages\/4\/revisions\/4725"}],"wp:featuredmedia":[{"embeddable":true,"href":"https:\/\/www.buergerbus-weyhe.de\/index.php?rest_route=\/wp\/v2\/media\/2641"}],"wp:attachment":[{"href":"https:\/\/www.buergerbus-weyhe.de\/index.php?rest_route=%2Fwp%2Fv2%2Fmedia&parent=4"}],"curies":[{"name":"wp","href":"https:\/\/api.w.org\/{rel}","templated":true}]}}