{"id":35,"date":"2015-01-25T20:41:52","date_gmt":"2015-01-25T18:41:52","guid":{"rendered":"http:\/\/www.xn--brgerbus-weyhe-gsb.de\/wordpress\/?page_id=35"},"modified":"2025-08-18T09:20:17","modified_gmt":"2025-08-18T08:20:17","slug":"fahrerin-werden","status":"publish","type":"page","link":"https:\/\/www.buergerbus-weyhe.de\/?page_id=35","title":{"rendered":"Fahrer\/in werden"},"content":{"rendered":"<p><strong>Werden Sie Busfahrerin \/ Busfahrer<\/strong><\/p>\n<p>Die B\u00fcrgerBusse werden von ehrenamtlichen Fahrern\/innen gefahren.<\/p>\n<p>Dazu suchen wir interessierte Menschen, die Lust und Laune haben etwa 2-mal im Monat einen halben Tag (4 Stunden) mit den Kleinbussen auf Linie zu fahren.<\/p>\n<p><strong>Dazu reicht der PKW-F\u00fchrerschein!<\/strong><\/p>\n<p>In einer unverbindlichen Probefahrt mit einem unserer Busse, bei der Sie ein erfahrener Fahrer begleiten wird, k\u00f6nnen Sie testen, ob Sie Gefallen an dieser T\u00e4tigkeit finden.<br \/>\nDanach folgen die noch notwendigen Formalit\u00e4ten, n\u00e4mlich ein Gesundheitscheck durch einen Arbeitsmediziner und ein F\u00fchrungszeugnis, um den Personenbef\u00f6rderungsschein zu erhalten. Anfallende Kosten \u00fcbernimmt der Verein.<\/p>\n<p>Das F\u00fchren der B\u00fcrgerBusse ist nicht weiter schwierig, denn die Bedienung unserer Busse ist der eines normalen PKW \u00e4hnlich. Bei den ersten Fahrten werden Sie von einem erfahrenen Fahrer begleitet, der Ihnen ausf\u00fchrlich die Linienf\u00fchrung und die Bedienung der Busse erkl\u00e4rt.<\/p>\n<p>Die B\u00fcrgerBus-Fahrer\/innen sind selbstverst\u00e4ndlich versichert, es braucht also niemand Angst vor der Verantwortung zu haben.<\/p>\n<p><strong>Sie haben viel davon!<\/strong><\/p>\n<p>Erst einmal lernen Sie nat\u00fcrlich auch Ecken von Weyhe kennen, die Sie bisher noch nicht &#8218;erfahren&#8216; haben.<\/p>\n<p>Au\u00dferdem lernen Sie viele Menschen\u00a0kennen, die Ihnen dankbar sein werden, dass Sie ihnen mit Ihrem ehrenamtlichen Engagement Mobilit\u00e4t verschaffen.<\/p>\n<p>Uns macht es schlicht und einfach Spa\u00df B\u00fcrgerBus-Fahrer\/in zu sein!<\/p>\n<p>Obendrein genie\u00dfen B\u00fcrgerBus-Fahrer\/innen wegen des hohen Bekanntheitsgrades der B\u00fcrgerBusse gro\u00dfe Anerkennung f\u00fcr ihr Engagement in allen Ebenen der Gemeinde.<\/p>\n<p><strong>Kommen Sie doch zum Fahrer-Treffen!<\/strong><\/p>\n<p>Das Fahrer-Treffen ist die Plattform um sich auszutauschen und von Erfahrungen zu berichten. Wer noch unschl\u00fcssig ist B\u00fcrgerBus-Fahrer\/in zu werden, kann sich bei den &#8218;Mitfahrern&#8216; schlau fragen.<\/p>\n<p>Wir treffen uns immer am 2. Dienstag des Monats um 19:30 Uhr in der Mensa der KGS Kirchweyhe (Seiteneingang \u00fcber Stra\u00dfe Am Fuhrenkamp)<\/p>\n<p><strong>Interessenten\/innen wenden sich bitte an<\/strong><\/p>\n<p>Lothar Cordes, Tel. 04203-5356 oder an Olaf Kaiser, Tel. 0421-893075<\/p>\n<p><strong>Zum Vergr\u00f6\u00dfern den Flyer bitte anklicken.<\/strong><\/p>\n<p><a href=\"https:\/\/www.buergerbus-weyhe.de\/wp-content\/uploads\/2015\/01\/Wir-suchen-Sie-13.png\"><img loading=\"lazy\" decoding=\"async\" class=\"alignnone size-medium wp-image-1340\" src=\"https:\/\/www.buergerbus-weyhe.de\/wp-content\/uploads\/2015\/01\/Wir-suchen-Sie-13-212x300.png\" alt=\"\" width=\"212\" height=\"300\" srcset=\"https:\/\/www.buergerbus-weyhe.de\/wp-content\/uploads\/2015\/01\/Wir-suchen-Sie-13-212x300.png 212w, https:\/\/www.buergerbus-weyhe.de\/wp-content\/uploads\/2015\/01\/Wir-suchen-Sie-13-768x1086.png 768w, https:\/\/www.buergerbus-weyhe.de\/wp-content\/uploads\/2015\/01\/Wir-suchen-Sie-13-724x1024.png 724w, https:\/\/www.buergerbus-weyhe.de\/wp-content\/uploads\/2015\/01\/Wir-suchen-Sie-13.png 1241w\" sizes=\"auto, (max-width: 212px) 100vw, 212px\" \/><\/a><\/p>\n<p><a href=\"https:\/\/www.buergerbus-weyhe.de\/wp-content\/uploads\/2015\/01\/Wir-suchen-Sie-14.png\"><img loading=\"lazy\" decoding=\"async\" class=\"alignnone size-medium wp-image-1343\" src=\"https:\/\/www.buergerbus-weyhe.de\/wp-content\/uploads\/2015\/01\/Wir-suchen-Sie-14-212x300.png\" alt=\"\" width=\"212\" height=\"300\" srcset=\"https:\/\/www.buergerbus-weyhe.de\/wp-content\/uploads\/2015\/01\/Wir-suchen-Sie-14-212x300.png 212w, https:\/\/www.buergerbus-weyhe.de\/wp-content\/uploads\/2015\/01\/Wir-suchen-Sie-14-768x1086.png 768w, https:\/\/www.buergerbus-weyhe.de\/wp-content\/uploads\/2015\/01\/Wir-suchen-Sie-14-724x1024.png 724w, https:\/\/www.buergerbus-weyhe.de\/wp-content\/uploads\/2015\/01\/Wir-suchen-Sie-14.png 1241w\" sizes=\"auto, (max-width: 212px) 100vw, 212px\" \/><\/a><\/p>\n","protected":false},"excerpt":{"rendered":"<p>Werden Sie Busfahrerin \/ Busfahrer Die B\u00fcrgerBusse werden von ehrenamtlichen Fahrern\/innen gefahren. Dazu suchen wir interessierte Menschen, die Lust und Laune haben etwa 2-mal im Monat einen halben Tag (4 Stunden) mit den Kleinbussen auf Linie zu fahren. Dazu reicht<\/p>\n","protected":false},"author":14,"featured_media":0,"parent":0,"menu_order":0,"comment_status":"closed","ping_status":"open","template":"","meta":{"footnotes":""},"class_list":["post-35","page","type-page","status-publish","hentry"],"_links":{"self":[{"href":"https:\/\/www.buergerbus-weyhe.de\/index.php?rest_route=\/wp\/v2\/pages\/35","targetHints":{"allow":["GET"]}}],"collection":[{"href":"https:\/\/www.buergerbus-weyhe.de\/index.php?rest_route=\/wp\/v2\/pages"}],"about":[{"href":"https:\/\/www.buergerbus-weyhe.de\/index.php?rest_route=\/wp\/v2\/types\/page"}],"author":[{"embeddable":true,"href":"https:\/\/www.buergerbus-weyhe.de\/index.php?rest_route=\/wp\/v2\/users\/14"}],"replies":[{"embeddable":true,"href":"https:\/\/www.buergerbus-weyhe.de\/index.php?rest_route=%2Fwp%2Fv2%2Fcomments&post=35"}],"version-history":[{"count":22,"href":"https:\/\/www.buergerbus-weyhe.de\/index.php?rest_route=\/wp\/v2\/pages\/35\/revisions"}],"predecessor-version":[{"id":4537,"href":"https:\/\/www.buergerbus-weyhe.de\/index.php?rest_route=\/wp\/v2\/pages\/35\/revisions\/4537"}],"wp:attachment":[{"href":"https:\/\/www.buergerbus-weyhe.de\/index.php?rest_route=%2Fwp%2Fv2%2Fmedia&parent=35"}],"curies":[{"name":"wp","href":"https:\/\/api.w.org\/{rel}","templated":true}]}}