{"id":32,"date":"2015-01-25T20:35:41","date_gmt":"2015-01-25T18:35:41","guid":{"rendered":"http:\/\/www.xn--brgerbus-weyhe-gsb.de\/wordpress\/?page_id=32"},"modified":"2025-07-08T10:28:07","modified_gmt":"2025-07-08T09:28:07","slug":"beitrittserklaerung-herunterladen","status":"publish","type":"page","link":"https:\/\/www.buergerbus-weyhe.de\/?page_id=32","title":{"rendered":"Beitrittserkl\u00e4rung herunterladen"},"content":{"rendered":"<p>\u00dcber den folgenden link k\u00f6nnen Sie die Beitrittserkl\u00e4rung herunterladen:<\/p>\n<p><a href=\"https:\/\/www.buergerbus-weyhe.de\/wp-content\/uploads\/2025\/06\/Buergerbus-Beitrittserklaerung-2025.docx\">Beitrittserkl\u00e4rung B\u00fcrgerBus Weyhe e.V.<\/a><em> (als Word-Dokument)<br \/>\n(Wenn man nach dem download oben auf dem Vordruck &#8222;Bearbeitung aktivieren&#8220; anklickt, kann der Vordruck auch am PC\/Laptop ausgef\u00fcllt werden)<\/em><\/p>\n<p><a href=\"https:\/\/www.buergerbus-weyhe.de\/wp-content\/uploads\/2025\/07\/Buergerbus-Beitrittserklaerung-2025.pdf\">Buergerbus-Beitrittserkl\u00e4rung 2025<\/a> (als PDF-Datei)<\/p>\n<p>Beitrittserkl\u00e4rungen erhalten Sie auch bei den Fahrern\/innen in den Bussen.<\/p>\n","protected":false},"excerpt":{"rendered":"<p>\u00dcber den folgenden link k\u00f6nnen Sie die Beitrittserkl\u00e4rung herunterladen: Beitrittserkl\u00e4rung B\u00fcrgerBus Weyhe e.V. (als Word-Dokument) (Wenn man nach dem download oben auf dem Vordruck &#8222;Bearbeitung aktivieren&#8220; anklickt, kann der Vordruck auch am PC\/Laptop ausgef\u00fcllt werden) Buergerbus-Beitrittserkl\u00e4rung 2025 (als PDF-Datei) Beitrittserkl\u00e4rungen<\/p>\n","protected":false},"author":14,"featured_media":0,"parent":0,"menu_order":0,"comment_status":"closed","ping_status":"open","template":"","meta":{"footnotes":""},"class_list":["post-32","page","type-page","status-publish","hentry"],"_links":{"self":[{"href":"https:\/\/www.buergerbus-weyhe.de\/index.php?rest_route=\/wp\/v2\/pages\/32","targetHints":{"allow":["GET"]}}],"collection":[{"href":"https:\/\/www.buergerbus-weyhe.de\/index.php?rest_route=\/wp\/v2\/pages"}],"about":[{"href":"https:\/\/www.buergerbus-weyhe.de\/index.php?rest_route=\/wp\/v2\/types\/page"}],"author":[{"embeddable":true,"href":"https:\/\/www.buergerbus-weyhe.de\/index.php?rest_route=\/wp\/v2\/users\/14"}],"replies":[{"embeddable":true,"href":"https:\/\/www.buergerbus-weyhe.de\/index.php?rest_route=%2Fwp%2Fv2%2Fcomments&post=32"}],"version-history":[{"count":14,"href":"https:\/\/www.buergerbus-weyhe.de\/index.php?rest_route=\/wp\/v2\/pages\/32\/revisions"}],"predecessor-version":[{"id":4507,"href":"https:\/\/www.buergerbus-weyhe.de\/index.php?rest_route=\/wp\/v2\/pages\/32\/revisions\/4507"}],"wp:attachment":[{"href":"https:\/\/www.buergerbus-weyhe.de\/index.php?rest_route=%2Fwp%2Fv2%2Fmedia&parent=32"}],"curies":[{"name":"wp","href":"https:\/\/api.w.org\/{rel}","templated":true}]}}