{"id":3121,"date":"2023-06-30T08:06:33","date_gmt":"2023-06-30T07:06:33","guid":{"rendered":"http:\/\/www.buergerbus-weyhe.de\/?page_id=3121"},"modified":"2026-04-29T15:50:58","modified_gmt":"2026-04-29T14:50:58","slug":"aktuelle-meldungen","status":"publish","type":"page","link":"https:\/\/www.buergerbus-weyhe.de\/?page_id=3121","title":{"rendered":"Aktuelle Meldungen"},"content":{"rendered":"\n<p><\/p>\n\n\n\n<p><strong>Linien 116 und 117:<\/strong> <br><em>Aufgrund der Bauarbeiten an der Alten Wache wurde f\u00fcr die <strong>Haltestelle &#8222;Alte Wache&#8220;<\/strong> eine <strong>Ersatzhaltestelle in der Hildegard-von-Bingen-Stra\u00dfe<\/strong> in H\u00f6he der Hausnummer 2 eingerichtet.<br>Beide Busse fahren derzeit diese Ersatzhaltestelle an, und zwar zu den in den Fahrpl\u00e4nen ausgewiesenen Zeiten zur Haltestelle Alte Wache.<br>Von dieser Ersatzhaltestelle aus haben Sie auch Zugang zum Augenzentrum, zum Optiker, zur Apotheke, zur B\u00fccherei und zum Caf\u00e9 in der Kulturscheune.<br>Die Bauarbeiten an der Alten Wache dauern voraussichtlich bis Sommer 2026.<\/em><br><br><strong>Linie 116:<\/strong><\/p>\n\n\n\n<p><em>F\u00fcr die Dauer der Bauarbeiten an der B6 ist f\u00fcr die <strong>Haltestelle Post eine Ersatzhaltestelle<\/strong> im Bereich der Kreuzung der Gr\u00fctzmacher- und Gartenstra\u00dfe eingerichtet.<\/em><\/p>\n\n\n\n<p><em>Die <strong>Haltestelle Dunantstra\u00dfe<\/strong> wird w\u00e4hrend der Bauarbeiten an der B6 bis Ende Oktober 2026 von der <strong>Linie 116 nicht angefahren<\/strong>.<br>Fahrg\u00e4ste haben die M\u00f6glichkeit an dieser Haltestelle mit der Linie 117 zu fahren oder alternativ an der Kreuzung Am Schmalen Bruch \/ Am Angelser Feld in die Linie 116 einzusteigen.<\/em><\/p>\n\n\n\n<p><em>Die Stra\u00dfe <strong>B\u00f6ttcherei<\/strong> ist ab dem 09.03.2026 zwischen den Haltestellen B\u00f6ttcherei und Hinter dem Felde auch f\u00fcr die Linie 116 f\u00fcr <strong>voraussichtlich ca. zwei Monate abschnittsweise voll gesperrt. <\/strong><\/em><br><em>In dieser Zeit wird die Haltestelle <strong>&#8222;B\u00f6ttcherei&#8220; nicht angefahren<\/strong>. <\/em><br><em>Fahrg\u00e4ste, die an der Haltestelle <strong>&#8222;Hinter dem Felde&#8220;<\/strong> zusteigen m\u00f6chten, werden gebeten sich an die Kreuzung zur B\u00f6ttcherei zu begeben<\/em>.<br><em>Der 116 f\u00e4hrt in dieser Zeit von der Ersatzhaltestelle Post durch die Gartenstra\u00dfe, \u00fcberquert die Melchiorshauser Stra\u00dfe und die B\u00f6ttcherei, durchf\u00e4hrt die Stra\u00dfe Hinter dem Felde, um den gewohnten Weg in der Rumpsfelder Heide Richtung Marktplatz und Jeebel fortzusetzen.<br>In umgekehrter Richtung nat\u00fcrlich sinngem\u00e4\u00df.<\/em><\/p>\n\n\n\n<p><em>Die Haltestelle <strong>&#8222;Schule Lahausen&#8220;<\/strong> wird in der Zeit vom 09.03.2026 bis zum 31.05.2026 um die Ecke zur Stra\u00dfe Am Bahndamm verlegt, da die Lahauser Stra\u00dfe in diesem Zeitraum zwischen dem Nachtigallenweg und der Schule Lahausen voll gesperrt ist. <br>Die 116 f\u00e4hrt in diesem Zeitraum \u00fcber den Freesendamm zur Stra\u00dfe Am Bahndamm, um dann die Fahrt Richtung Jeebel fortzusetzen.<br>Im umgekehrter Richtung nat\u00fcrlich sinngem\u00e4\u00df.<\/em><\/p>\n\n\n\n<p><em>Die <strong>Haltestellen Waldkater, Fuhrenkamp und Schumacher <\/strong>werden wegen der Bauarbeiten an der B6 bis Ende Oktober 2026 in beiden Richtungen <strong>nicht angefahren<\/strong>. <br>In dieser Zeit gilt folgender Fahrplan:<\/em><br><a href=\"https:\/\/www.buergerbus-weyhe.de\/wp-content\/uploads\/2025\/11\/116-Fahrplan-ab-28.10.25-1.pdf\">https:\/\/www.buergerbus-weyhe.de\/wp-content\/uploads\/2025\/11\/116-Fahrplan-ab-28.10.25-1.pdf<\/a><\/p>\n\n\n\n<p><strong><em>Irrt\u00fcmlich ist dort angegeben, dass dieser nur bis zum 31.12.2025 g\u00fcltig sei, dem ist aber nicht so. Dieser Fahrplan ist weiterhin aktuell.<\/em><\/strong><br><\/p>\n\n\n\n<p><strong>Linie 117:<\/strong><br><em>keine weiteren Meldungen<\/em><br><br><\/p>\n\n\n\n<p><\/p>\n\n\n\n<p><\/p>\n\n\n\n<p><\/p>\n\n\n\n<p><\/p>\n\n\n\n<p><\/p>\n\n\n\n<p><\/p>\n\n\n\n<p><\/p>\n","protected":false},"excerpt":{"rendered":"<p>Linien 116 und 117: Aufgrund der Bauarbeiten an der Alten Wache wurde f\u00fcr die Haltestelle &#8222;Alte Wache&#8220; eine Ersatzhaltestelle in der Hildegard-von-Bingen-Stra\u00dfe in H\u00f6he der Hausnummer 2 eingerichtet.Beide Busse fahren derzeit diese Ersatzhaltestelle an, und zwar zu den in den<\/p>\n","protected":false},"author":40,"featured_media":4146,"parent":0,"menu_order":0,"comment_status":"closed","ping_status":"closed","template":"","meta":{"footnotes":""},"class_list":["post-3121","page","type-page","status-publish","has-post-thumbnail","hentry"],"_links":{"self":[{"href":"https:\/\/www.buergerbus-weyhe.de\/index.php?rest_route=\/wp\/v2\/pages\/3121","targetHints":{"allow":["GET"]}}],"collection":[{"href":"https:\/\/www.buergerbus-weyhe.de\/index.php?rest_route=\/wp\/v2\/pages"}],"about":[{"href":"https:\/\/www.buergerbus-weyhe.de\/index.php?rest_route=\/wp\/v2\/types\/page"}],"author":[{"embeddable":true,"href":"https:\/\/www.buergerbus-weyhe.de\/index.php?rest_route=\/wp\/v2\/users\/40"}],"replies":[{"embeddable":true,"href":"https:\/\/www.buergerbus-weyhe.de\/index.php?rest_route=%2Fwp%2Fv2%2Fcomments&post=3121"}],"version-history":[{"count":243,"href":"https:\/\/www.buergerbus-weyhe.de\/index.php?rest_route=\/wp\/v2\/pages\/3121\/revisions"}],"predecessor-version":[{"id":4769,"href":"https:\/\/www.buergerbus-weyhe.de\/index.php?rest_route=\/wp\/v2\/pages\/3121\/revisions\/4769"}],"wp:featuredmedia":[{"embeddable":true,"href":"https:\/\/www.buergerbus-weyhe.de\/index.php?rest_route=\/wp\/v2\/media\/4146"}],"wp:attachment":[{"href":"https:\/\/www.buergerbus-weyhe.de\/index.php?rest_route=%2Fwp%2Fv2%2Fmedia&parent=3121"}],"curies":[{"name":"wp","href":"https:\/\/api.w.org\/{rel}","templated":true}]}}