{"id":10,"date":"2015-01-25T19:32:46","date_gmt":"2015-01-25T17:32:46","guid":{"rendered":"http:\/\/www.xn--brgerbus-weyhe-gsb.de\/wordpress\/?page_id=10"},"modified":"2025-04-20T08:09:28","modified_gmt":"2025-04-20T07:09:28","slug":"wir-ueber-uns","status":"publish","type":"page","link":"https:\/\/www.buergerbus-weyhe.de\/?page_id=10","title":{"rendered":"Wir \u00fcber uns"},"content":{"rendered":"<p>Der B\u00fcrgerBus Weyhe e.V. hat das Ziel den \u00d6PNV in der Gemeinde Weyhe zu verbessern. Dazu betreiben wir mit zwei Kleinbussen die Linien 116 und 117, die von ehrenamtlichen Fahrerinnen und Fahrern gefahren werden.<!--more--> Unser Kooperationspartner ist die Verkehrsbetriebe Diepholz Nord GmbH u. Co KG (VDN) mit Sitz in Vechta.<\/p>\n<p>Die B\u00fcrgerBus-Idee ist im Jahr 2000 aus der Arbeitsgruppe Verkehr der Lokalen Agenda 21 in Weyhe hervorgegangen. Bereits im Herbst 2000 wurde dann der Verein \u201eB\u00fcrgerBus Weyhe e.V.\u201c gegr\u00fcndet. Im Juni 2001 startete die Linie 117. Die Linie 116 folgte im Mai 2009.<\/p>\n<p>Unsere Partner sind die VDN, der VBN und die Gemeinde Weyhe. Unser Hauptsponsor ist die Kreissparkasse Diepholz (vorher genannt Kreissparkasse Syke).<\/p>\n\n\n<figure class=\"wp-block-image size-large\"><img loading=\"lazy\" decoding=\"async\" width=\"1024\" height=\"520\" src=\"https:\/\/www.buergerbus-weyhe.de\/wp-content\/uploads\/2023\/07\/BB-beide-Busse-1-1024x520.jpg\" alt=\"\" class=\"wp-image-3157\" srcset=\"https:\/\/www.buergerbus-weyhe.de\/wp-content\/uploads\/2023\/07\/BB-beide-Busse-1-1024x520.jpg 1024w, https:\/\/www.buergerbus-weyhe.de\/wp-content\/uploads\/2023\/07\/BB-beide-Busse-1-300x152.jpg 300w, https:\/\/www.buergerbus-weyhe.de\/wp-content\/uploads\/2023\/07\/BB-beide-Busse-1-150x76.jpg 150w, https:\/\/www.buergerbus-weyhe.de\/wp-content\/uploads\/2023\/07\/BB-beide-Busse-1-768x390.jpg 768w, https:\/\/www.buergerbus-weyhe.de\/wp-content\/uploads\/2023\/07\/BB-beide-Busse-1-1536x780.jpg 1536w, https:\/\/www.buergerbus-weyhe.de\/wp-content\/uploads\/2023\/07\/BB-beide-Busse-1-2048x1040.jpg 2048w\" sizes=\"auto, (max-width: 1024px) 100vw, 1024px\" \/><\/figure>\n","protected":false},"excerpt":{"rendered":"<p>Der B\u00fcrgerBus Weyhe e.V. hat das Ziel den \u00d6PNV in der Gemeinde Weyhe zu verbessern. Dazu betreiben wir mit zwei Kleinbussen die Linien 116 und 117, die von ehrenamtlichen Fahrerinnen und Fahrern gefahren werden.<\/p>\n","protected":false},"author":14,"featured_media":3157,"parent":0,"menu_order":0,"comment_status":"closed","ping_status":"open","template":"","meta":{"footnotes":""},"class_list":["post-10","page","type-page","status-publish","has-post-thumbnail","hentry"],"_links":{"self":[{"href":"https:\/\/www.buergerbus-weyhe.de\/index.php?rest_route=\/wp\/v2\/pages\/10","targetHints":{"allow":["GET"]}}],"collection":[{"href":"https:\/\/www.buergerbus-weyhe.de\/index.php?rest_route=\/wp\/v2\/pages"}],"about":[{"href":"https:\/\/www.buergerbus-weyhe.de\/index.php?rest_route=\/wp\/v2\/types\/page"}],"author":[{"embeddable":true,"href":"https:\/\/www.buergerbus-weyhe.de\/index.php?rest_route=\/wp\/v2\/users\/14"}],"replies":[{"embeddable":true,"href":"https:\/\/www.buergerbus-weyhe.de\/index.php?rest_route=%2Fwp%2Fv2%2Fcomments&post=10"}],"version-history":[{"count":16,"href":"https:\/\/www.buergerbus-weyhe.de\/index.php?rest_route=\/wp\/v2\/pages\/10\/revisions"}],"predecessor-version":[{"id":4348,"href":"https:\/\/www.buergerbus-weyhe.de\/index.php?rest_route=\/wp\/v2\/pages\/10\/revisions\/4348"}],"wp:featuredmedia":[{"embeddable":true,"href":"https:\/\/www.buergerbus-weyhe.de\/index.php?rest_route=\/wp\/v2\/media\/3157"}],"wp:attachment":[{"href":"https:\/\/www.buergerbus-weyhe.de\/index.php?rest_route=%2Fwp%2Fv2%2Fmedia&parent=10"}],"curies":[{"name":"wp","href":"https:\/\/api.w.org\/{rel}","templated":true}]}}